{"id":102,"date":"2015-10-26T00:10:06","date_gmt":"2015-10-26T06:10:06","guid":{"rendered":"http:\/\/supportthebitkovs.com\/?page_id=102"},"modified":"2019-06-02T23:54:12","modified_gmt":"2019-06-03T05:54:12","slug":"allanamiento-corporativo","status":"publish","type":"page","link":"https:\/\/supportthebitkovs.com\/ru\/allanamiento-corporativo\/","title":{"rendered":"(Espa\u00f1ol) Allanamiento Corporativo"},"content":{"rendered":"<p class=\"qtranxs-available-languages-message qtranxs-available-languages-message-ru\">\u0418\u0437\u0432\u0438\u043d\u0438\u0442\u0435, \u0434\u0430\u043d\u043d\u0430\u044f \u0441\u0442\u0440\u0430\u043d\u0438\u0446\u0430 \u0434\u043e\u0441\u0442\u0443\u043f\u043d\u0430 \u0442\u043e\u043b\u044c\u043a\u043e \u043d\u0430 <a href=\"https:\/\/supportthebitkovs.com\/es\/wp-json\/wp\/v2\/pages\/102\" class=\"qtranxs-available-language-link qtranxs-available-language-link-es\" title=\"Espa\u00f1ol\">Espa\u00f1ol<\/a> \u0438 <a href=\"https:\/\/supportthebitkovs.com\/en\/wp-json\/wp\/v2\/pages\/102\" class=\"qtranxs-available-language-link qtranxs-available-language-link-en\" title=\"English\">English<\/a>. For the sake of viewer convenience, the content is shown below in this site default language. You may click one of the links to switch the site language to another available language.<\/p><h1 style=\"text-align: center;\"><span style=\"text-decoration: underline;\"><strong>\u00bfQu\u00e9 es el Allanamiento Corporativo?(Coporate Raiding)<br \/>\n<\/strong><\/span><\/h1>\n<p><a href=\"http:\/\/balticworlds.com\/wp-content\/uploads\/2013\/10\/CRiPSRSeptember2013pp4-8.pdf\"><img loading=\"lazy\" decoding=\"async\" class=\"size-full wp-image-105 alignleft\" src=\"http:\/\/supportthebitkovs.com\/wp-content\/uploads\/2015\/10\/corpraiding.jpg\" alt=\"corpraiding\" width=\"490\" height=\"653\" srcset=\"https:\/\/supportthebitkovs.com\/wp-content\/uploads\/2015\/10\/corpraiding.jpg 490w, https:\/\/supportthebitkovs.com\/wp-content\/uploads\/2015\/10\/corpraiding-225x300.jpg 225w\" sizes=\"auto, (max-width: 490px) 100vw, 490px\" \/><\/a>Un allanamiento corporativo constituye un acto ilegal de un Estado, a trav\u00e9s de sus funcionarios, de apropiaci\u00f3n indebida de empresas mercantiles exitosas mediante una estrategia de actos continuados de amenazas, intervenciones, procesamientos, fiscalizaciones y otros actos criminales realizados bajo una apariencia de encuadramiento legal dentro del ius imperium (poder del Estado -poder de mando y castigo-).<br \/>\nEl allanamiento corporativo es com\u00fan en Rusia. Esta pr\u00e1ctica ilegal, al estilo ruso, no es lo mismo que una adquisici\u00f3n hostil en una jurisdicci\u00f3n occidental.<\/p>\n<p>Es una forma sofisticada de delincuencia organizada utiliza para tomar el control de las empresas de otros. La pr\u00e1ctica florece en pa\u00edses como Rusia, donde hay un estado de derecho d\u00e9bil y altos niveles de corrupci\u00f3n. Por lo general, combina acuerdos \u201clegales\u201d con incentivos a \u201ccooperar\u201d, incluyendo amenazas de causas penales \u201cpor encargo\u201d; la intimidaci\u00f3n f\u00edsica y PR \u201cnegro\u201d (Relaciones P\u00fablicas negativas).<br \/>\nA menudo implica el uso ilegal de los recursos del Estado, con la aprobaci\u00f3n de clientes pol\u00edticos. Es una pr\u00e1ctica generalizada: en Rusia en 2009 hubo 40.000 casos notificados de allanamientos corporativos. S\u00f3lo 55 fueron investigados.<br \/>\nEn un art\u00edculo semilla: Allanamientos Corporativos Ilegales en Rusia -\u201cCriminal Corporate Raiding in Russia\u201d, publicado en 2008, Thomas Firestone, Consejero Jur\u00eddico del Departamento de Justicia de EE.UU. de la Embajada de Estados Unidos en Mosc\u00fa describe reiderstvo -Allanamiento Corporativo en ruso- como dependiente de \u201cm\u00e9todos criminales como el fraude, el chantaje, la obstrucci\u00f3n de la justicia y real amenaza de violencia f\u00edsica \u201c.","protected":false},"excerpt":{"rendered":"<p>\u0418\u0437\u0432\u0438\u043d\u0438\u0442\u0435, \u0434\u0430\u043d\u043d\u0430\u044f \u0441\u0442\u0440\u0430\u043d\u0438\u0446\u0430 \u0434\u043e\u0441\u0442\u0443\u043f\u043d\u0430 \u0442\u043e\u043b\u044c\u043a\u043e \u043d\u0430 Espa\u00f1ol \u0438 English. For the sake of viewer convenience, the content is shown below in this site default language. You may click one of the links to switch the site language to another available language.\u00bfQu\u00e9 es el Allanamiento Corporativo?(Coporate Raiding) Un allanamiento corporativo constituye un acto ilegal de un [&hellip;]<\/p>\n","protected":false},"author":2,"featured_media":0,"parent":0,"menu_order":10,"comment_status":"closed","ping_status":"closed","template":"","meta":{"footnotes":""},"class_list":["post-102","page","type-page","status-publish"],"_links":{"self":[{"href":"https:\/\/supportthebitkovs.com\/ru\/wp-json\/wp\/v2\/pages\/102","targetHints":{"allow":["GET"]}}],"collection":[{"href":"https:\/\/supportthebitkovs.com\/ru\/wp-json\/wp\/v2\/pages"}],"about":[{"href":"https:\/\/supportthebitkovs.com\/ru\/wp-json\/wp\/v2\/types\/page"}],"author":[{"embeddable":true,"href":"https:\/\/supportthebitkovs.com\/ru\/wp-json\/wp\/v2\/users\/2"}],"replies":[{"embeddable":true,"href":"https:\/\/supportthebitkovs.com\/ru\/wp-json\/wp\/v2\/comments?post=102"}],"version-history":[{"count":0,"href":"https:\/\/supportthebitkovs.com\/ru\/wp-json\/wp\/v2\/pages\/102\/revisions"}],"wp:attachment":[{"href":"https:\/\/supportthebitkovs.com\/ru\/wp-json\/wp\/v2\/media?parent=102"}],"curies":[{"name":"wp","href":"https:\/\/api.w.org\/{rel}","templated":true}]}}