{"id":344,"date":"2015-11-03T23:42:53","date_gmt":"2015-11-04T05:42:53","guid":{"rendered":"http:\/\/supportthebitkovs.com\/?page_id=344"},"modified":"2019-06-02T23:54:12","modified_gmt":"2019-06-03T05:54:12","slug":"botin-politico","status":"publish","type":"page","link":"https:\/\/supportthebitkovs.com\/ru\/botin-politico\/","title":{"rendered":"(Espa\u00f1ol) Bot\u00edn Pol\u00edtico"},"content":{"rendered":"<p class=\"qtranxs-available-languages-message qtranxs-available-languages-message-ru\">\u0418\u0437\u0432\u0438\u043d\u0438\u0442\u0435, \u0434\u0430\u043d\u043d\u0430\u044f \u0441\u0442\u0440\u0430\u043d\u0438\u0446\u0430 \u0434\u043e\u0441\u0442\u0443\u043f\u043d\u0430 \u0442\u043e\u043b\u044c\u043a\u043e \u043d\u0430 <a href=\"https:\/\/supportthebitkovs.com\/es\/wp-json\/wp\/v2\/pages\/344\" class=\"qtranxs-available-language-link qtranxs-available-language-link-es\" title=\"Espa\u00f1ol\">Espa\u00f1ol<\/a> \u0438 <a href=\"https:\/\/supportthebitkovs.com\/en\/wp-json\/wp\/v2\/pages\/344\" class=\"qtranxs-available-language-link qtranxs-available-language-link-en\" title=\"English\">English<\/a>. For the sake of viewer convenience, the content is shown below in this site default language. You may click one of the links to switch the site language to another available language.<\/p><h1 style=\"text-align: center;\"><span style=\"text-decoration: underline;\"><strong>Vladimir,\u00a0un bot\u00edn pol\u00edtico con tan\u00a0solo tres a\u00f1os de edad.\u00a0<\/strong><\/span><\/h1>\n<p style=\"text-align: justify;\">Vladimir es el miembro m\u00e1s peque\u00f1o de nuestra familia, nacido en Rep\u00fablica de Guatemala, consecuentemente es guatemalteco de origen.<\/p>\n<p style=\"text-align: justify;\"><img loading=\"lazy\" decoding=\"async\" class=\"aligncenter size-full wp-image-349\" src=\"http:\/\/supportthebitkovs.com\/wp-content\/uploads\/2015\/11\/2.png\" alt=\"\" width=\"655\" height=\"462\" srcset=\"https:\/\/supportthebitkovs.com\/wp-content\/uploads\/2015\/11\/2.png 655w, https:\/\/supportthebitkovs.com\/wp-content\/uploads\/2015\/11\/2-300x212.png 300w\" sizes=\"auto, (max-width: 655px) 100vw, 655px\" \/><br \/>\n<img loading=\"lazy\" decoding=\"async\" class=\"aligncenter size-full wp-image-347\" src=\"http:\/\/supportthebitkovs.com\/wp-content\/uploads\/2015\/11\/2.6.png\" alt=\"\" width=\"616\" height=\"439\" srcset=\"https:\/\/supportthebitkovs.com\/wp-content\/uploads\/2015\/11\/2.6.png 616w, https:\/\/supportthebitkovs.com\/wp-content\/uploads\/2015\/11\/2.6-300x214.png 300w\" sizes=\"auto, (max-width: 616px) 100vw, 616px\" \/><\/p>\n<p>No obstante, que Vladimir es un ni\u00f1o guatemalteco de origen, por haber nacido en Guatemala y Guatemala adopta lo denominado de jus- soli\u00a0 o sea que tiene nacionalidad guatemalteca por haber nacido dentro del territorio.<\/p>\n<p>Sin embargo, el gobierno ruso pretend\u00eda que se fuera a Rusia aduciendo que es un ni\u00f1o\u00a0 ruso, lo cual no es cierto, pretendiendo con ello vulnerar la soberan\u00eda guatemalteca.<\/p>\n<p>Es sabido que Rusia es una potencia b\u00e9lica y tambi\u00e9n econ\u00f3mica y haciendo uso de su poder\u00edo y de las relaciones existentes entre ambos pa\u00edses, han logrado extender sus nefastos tent\u00e1culos e influir en algunos funcionarios guatemaltecos para que un ni\u00f1o guatemalteco sea ilegalmente arrancado de su suelo patrio en contra de la Constituci\u00f3n Pol\u00edtica de Rep\u00fablica de Guatemala.<\/p>\n<p style=\"text-align: justify;\"><img loading=\"lazy\" decoding=\"async\" class=\"wp-image-83 alignright\" src=\"http:\/\/supportthebitkovs.com\/wp-content\/uploads\/2015\/10\/Photo-Illustration-by-The-Daily-Beast-Mobile.jpg\" alt=\"Photo Illustration by The Daily Beast (Mobile)\" width=\"469\" height=\"293\" srcset=\"https:\/\/supportthebitkovs.com\/wp-content\/uploads\/2015\/10\/Photo-Illustration-by-The-Daily-Beast-Mobile.jpg 480w, https:\/\/supportthebitkovs.com\/wp-content\/uploads\/2015\/10\/Photo-Illustration-by-The-Daily-Beast-Mobile-300x188.jpg 300w\" sizes=\"auto, (max-width: 469px) 100vw, 469px\" \/>Prueba de ello es que las declaraciones del Representante Legal de Putin para la Ni\u00f1ez y Adolescencia P\u00e1vel Astahov y funcionarios de la Embajada Rusa en Guatemala, reclamaban al ni\u00f1o guatemalteco Vladimir.\u00a0Y en iguales t\u00e9rminos que hizo la reclamaci\u00f3n el gobierno de Putin, en los mismos t\u00e9rminos se pronunci\u00f3 Procurador de la Ni\u00f1ez y Adolescencia\u00a0Haroldo Flores de la Procuradur\u00eda General de la Naci\u00f3n de Guatemala. Con lo cual se vislumbra una clara intromisi\u00f3n del gobierno ruso en el gobierno de Guatemala.<\/p>\n<p style=\"text-align: justify;\">Raz\u00f3n por la cual la juez Mar\u00eda Bel\u00e9n Reyna Salazar envi\u00f3 al ni\u00f1o Vladimir al hogar &#187; Amor del Ni\u00f1o&#187;, prohibiendo cualquier contacto con sus padres, sus tutores legales y de m\u00e1s conocidos, priv\u00e1ndolo de su libertad durante 42 d\u00edas hasta que la Sala jurisdiccional orden\u00f3 cerrar el caso y que dicho ni\u00f1o volviera con sus tutores a quienes\u00a0 sus progenitores en ejercicio de la patria potestad hab\u00eda recomendado su abrigo guarda y custodia.<\/p>\n<p style=\"text-align: justify;\">Ya que con ex\u00e1menes gen\u00e9ticos realizados en Guatemala y Espa\u00f1a se determin\u00f3 fehacientemente que Vladimir es hijo biol\u00f3gico de Igor e Irina.<\/p>\n<figure id=\"attachment_359\" aria-describedby=\"caption-attachment-359\" style=\"width: 724px\" class=\"wp-caption aligncenter\"><a href=\"http:\/\/supportthebitkovs.com\/wp-content\/uploads\/2015\/11\/vladimir2.png\"><img loading=\"lazy\" decoding=\"async\" class=\"wp-image-359 \" src=\"http:\/\/supportthebitkovs.com\/wp-content\/uploads\/2015\/11\/vladimir2.png\" alt=\"vladimir2\" width=\"724\" height=\"346\" srcset=\"https:\/\/supportthebitkovs.com\/wp-content\/uploads\/2015\/11\/vladimir2.png 588w, https:\/\/supportthebitkovs.com\/wp-content\/uploads\/2015\/11\/vladimir2-300x143.png 300w\" sizes=\"auto, (max-width: 724px) 100vw, 724px\" \/><\/a><figcaption id=\"caption-attachment-359\" class=\"wp-caption-text\"><span style=\"color: #000080;\">\u00a0 \u00a0Vladimir fue enviado al Hogar &#171;Amor del Ni\u00f1o&#187;<\/span><\/figcaption><\/figure>\n<p style=\"text-align: justify;\">Tambi\u00e9n existen ciertos malinchistas guatemaltecos tales como el director del hogar de &#171;Refugio de La Ni\u00f1ez&#187; Leonel Dubon, quien sin ser parte procesal ha dado declaraciones en medios de comunicaci\u00f3n, tal como en la revista Contrapoder, quien sin conocer el caso se atreve a hacer comentarios espurios y alejados de la verdad en contra de un ni\u00f1o Guatemalteco, como lo es Vladimir, de escasos 3 a\u00f1os de edad,\u00a0quien por su corta edad no puede defenderse.<\/p>\n<p>Otras de las nefastas personas a quien le ha dado cobijo Guatemala y est\u00e1 contra un guatemalteco de origen es la directora del hogar &#187; Amor del Ni\u00f1o&#187; con oscura trayectoria en Estados Unidos de Am\u00e9rica y quien tiene un hogar de adopciones internacionales en Guatemala, quien sin tener legitimaci\u00f3n procesal alguna, ha interpuesto ante la Corte Suprema de Justicia, C\u00e1mara de Amparo y Antejuicio, una acci\u00f3n constitucional de Amparo en contra de los Honorables Magistrados de la Sala de Ni\u00f1ez y de Adolescencia, quienes resolvieron atendiendo al inter\u00e9s superior del ni\u00f1o, cerrando el proceso en el Juzgado Metropolitano de la Ni\u00f1ez y Adolescencia,\u00a0 por no tener raz\u00f3n de ser. Sin embargo \u00e9sta extranjera directora del hogar ante relacionado, quiz\u00e1s tiene en mente dar en adopci\u00f3n a nuestro hijo a una familia extranjera, con el \u00e1nimo mercantilista, que le ha caracterizado, dando ni\u00f1os guatemaltecos en adopci\u00f3n.<\/p>\n<h2 style=\"text-align: center;\"><strong>Resoluci\u00f3n\u00a0de Juzgado de Paz<\/strong><\/h2>\n<p><strong><div style=\"display:block\">\n<!-- FlowPaper PDF flipbook plugin v.2.0.7 wordpress.org\/plugins\/flowpaper\/ -->\n<iframe title=\"FlowPaper flipbook pdf viewer\" width=\"100%\" height=\"500\" scrolling=\"no\" class=\"flowpaper-class\" frameborder=\"0\" allowFullScreen=\"true\" lightbox=\"false\" cover id src = \"https:\/\/flowpaper.com\/flipbook\/?pdf=http:\/\/supportthebitkovs.com\/wp-content\/uploads\/2015\/10\/1.-Decision-of-Juzado-de-Paz-con-competencia-especi_fica-3-06-2015-9-563.pdf&title=&header=&theme=&singlepage=&thumbs=1&modified=1906021154\" seamless=\"seamless\" style=\"margin-bottom:0;display:block;\" loading=\"lazy\">Your browser does not seem to support iframes. <a href=\"https:\/\/flowpaper.com\/flipbook\/?pdf=http:\/\/supportthebitkovs.com\/wp-content\/uploads\/2015\/10\/1.-Decision-of-Juzado-de-Paz-con-competencia-especi_fica-3-06-2015-9-563.pdf\" target=\"_blank\">Click here to read this PDF<\/a>.<\/iframe>\n<div id=\"flowpaper-logo-bottom\" class=\"flowpaper-logo-bg\" style=\"background:linear-gradient(to right, rgba(0,0,0,0.65) 0%,rgba(0,0,0,0) 200px);width:100%;height:19px; padding-bottom: 1px; padding-left: 5px; padding-right: 10px; display: flex; align-items: center;z-index:9999\"><span style=\"height: 37px; padding-left: 6px;width:90%\"> <a id=\"flowpaper-link\" style=\"fill: #fff\" alt=\"FlowPaper logotype\" title=\"FlowPaper logotype\" href=\"https:\/\/flowpaper.com\" target=\"_blank\"> <img decoding=\"async\" alt=\"Publish PDF flipbooks online\" style=\"height:17px;width:auto;margin-top:11px;\" src=\"https:\/\/supportthebitkovs.com\/wp-content\/plugins\/flowpaper-lite-pdf-flipbook\/assets\/flowpaper-logo.png\" border=\"0\" loading=\"lazy\"> <\/a> <\/span><span style=\" float: right; right: 0; font-size: 10px; white-space: nowrap; opacity:0.8\"><a href=\"https:\/\/flowpaper.com\/flipbook-maker\/\" target=\"_new\" style=\"text-decoration:none;border-bottom:none;\">Created using FlowPaper Flipbook Maker &#8599;<\/a><\/span><\/div><\/div>\r\n                <script>\r\n                document.addEventListener(\"DOMContentLoaded\", function(){\r\n                    var target_element, iframe_element;\r\n                    iframe_element = document.querySelector(\"iframe.flowpaper-class\");\r\n                    target_element = document.querySelector(\"\");\r\n                    iframe_element.style.height = target_element.offsetHeight + \"px\";\r\n                });\r\n                <\/script>\r\n            <\/strong><\/p>\n<h2 style=\"text-align: center;\"><strong>Resoluci\u00f3n Juzgado de Primera Instancia\u00a0<\/strong><\/h2>\n<p><strong><div style=\"display:block\">\n<!-- FlowPaper PDF flipbook plugin v.2.0.7 wordpress.org\/plugins\/flowpaper\/ -->\n<iframe title=\"FlowPaper flipbook pdf viewer\" width=\"100%\" height=\"500\" scrolling=\"no\" class=\"flowpaper-class\" frameborder=\"0\" allowFullScreen=\"true\" lightbox=\"false\" cover id src = \"https:\/\/flowpaper.com\/flipbook\/?pdf=http:\/\/supportthebitkovs.com\/wp-content\/uploads\/2015\/10\/1.-Decision-of-the-Juzado-de-Primera-Instancia-de-la-Nin_ez-y-Adolescencia-del-A_rea-Metropilitana-3-06-2015-10-05.pdf&title=&header=&theme=&singlepage=&thumbs=1&modified=1906021154\" seamless=\"seamless\" style=\"margin-bottom:0;display:block;\" loading=\"lazy\">Your browser does not seem to support iframes. <a href=\"https:\/\/flowpaper.com\/flipbook\/?pdf=http:\/\/supportthebitkovs.com\/wp-content\/uploads\/2015\/10\/1.-Decision-of-the-Juzado-de-Primera-Instancia-de-la-Nin_ez-y-Adolescencia-del-A_rea-Metropilitana-3-06-2015-10-05.pdf\" target=\"_blank\">Click here to read this PDF<\/a>.<\/iframe>\n<div id=\"flowpaper-logo-bottom\" class=\"flowpaper-logo-bg\" style=\"background:linear-gradient(to right, rgba(0,0,0,0.65) 0%,rgba(0,0,0,0) 200px);width:100%;height:19px; padding-bottom: 1px; padding-left: 5px; padding-right: 10px; display: flex; align-items: center;z-index:9999\"><span style=\"height: 37px; padding-left: 6px;width:90%\"> <a id=\"flowpaper-link\" style=\"fill: #fff\" alt=\"FlowPaper logotype\" title=\"FlowPaper logotype\" href=\"https:\/\/flowpaper.com\" target=\"_blank\"> <img decoding=\"async\" alt=\"Publish PDF flipbooks online\" style=\"height:17px;width:auto;margin-top:11px;\" src=\"https:\/\/supportthebitkovs.com\/wp-content\/plugins\/flowpaper-lite-pdf-flipbook\/assets\/flowpaper-logo.png\" border=\"0\" loading=\"lazy\"> <\/a> <\/span><span style=\" float: right; right: 0; font-size: 10px; white-space: nowrap; opacity:0.8\"><a href=\"https:\/\/flowpaper.com\/flipbook-maker\/\" target=\"_new\" style=\"text-decoration:none;border-bottom:none;\">Created using FlowPaper Flipbook Maker &#8599;<\/a><\/span><\/div><\/div>\r\n                <script>\r\n                document.addEventListener(\"DOMContentLoaded\", function(){\r\n                    var target_element, iframe_element;\r\n                    iframe_element = document.querySelector(\"iframe.flowpaper-class\");\r\n                    target_element = document.querySelector(\"\");\r\n                    iframe_element.style.height = target_element.offsetHeight + \"px\";\r\n                });\r\n                <\/script>\r\n            <\/strong><\/p>\n<h2 style=\"text-align: center;\"><strong>Resoluci\u00f3n\u00a0de la Sala de Apelaciones de la Ni\u00f1ez<\/strong><\/h2>\n<p><strong><div style=\"display:block\">\n<!-- FlowPaper PDF flipbook plugin v.2.0.7 wordpress.org\/plugins\/flowpaper\/ -->\n<iframe title=\"FlowPaper flipbook pdf viewer\" width=\"100%\" height=\"500\" scrolling=\"no\" class=\"flowpaper-class\" frameborder=\"0\" allowFullScreen=\"true\" lightbox=\"false\" cover id src = \"https:\/\/flowpaper.com\/flipbook\/?pdf=http:\/\/supportthebitkovs.com\/wp-content\/uploads\/2015\/10\/3.-Court-of-Appeal-decision-9-06-2015-9-28.pdf&title=&header=&theme=&singlepage=&thumbs=1&modified=1906021154\" seamless=\"seamless\" style=\"margin-bottom:0;display:block;\" loading=\"lazy\">Your browser does not seem to support iframes. <a href=\"https:\/\/flowpaper.com\/flipbook\/?pdf=http:\/\/supportthebitkovs.com\/wp-content\/uploads\/2015\/10\/3.-Court-of-Appeal-decision-9-06-2015-9-28.pdf\" target=\"_blank\">Click here to read this PDF<\/a>.<\/iframe>\n<div id=\"flowpaper-logo-bottom\" class=\"flowpaper-logo-bg\" style=\"background:linear-gradient(to right, rgba(0,0,0,0.65) 0%,rgba(0,0,0,0) 200px);width:100%;height:19px; padding-bottom: 1px; padding-left: 5px; padding-right: 10px; display: flex; align-items: center;z-index:9999\"><span style=\"height: 37px; padding-left: 6px;width:90%\"> <a id=\"flowpaper-link\" style=\"fill: #fff\" alt=\"FlowPaper logotype\" title=\"FlowPaper logotype\" href=\"https:\/\/flowpaper.com\" target=\"_blank\"> <img decoding=\"async\" alt=\"Publish PDF flipbooks online\" style=\"height:17px;width:auto;margin-top:11px;\" src=\"https:\/\/supportthebitkovs.com\/wp-content\/plugins\/flowpaper-lite-pdf-flipbook\/assets\/flowpaper-logo.png\" border=\"0\" loading=\"lazy\"> <\/a> <\/span><span style=\" float: right; right: 0; font-size: 10px; white-space: nowrap; opacity:0.8\"><a href=\"https:\/\/flowpaper.com\/flipbook-maker\/\" target=\"_new\" style=\"text-decoration:none;border-bottom:none;\">Created using FlowPaper Flipbook Maker &#8599;<\/a><\/span><\/div><\/div>\r\n                <script>\r\n                document.addEventListener(\"DOMContentLoaded\", function(){\r\n                    var target_element, iframe_element;\r\n                    iframe_element = document.querySelector(\"iframe.flowpaper-class\");\r\n                    target_element = document.querySelector(\"\");\r\n                    iframe_element.style.height = target_element.offsetHeight + \"px\";\r\n                });\r\n                <\/script>\r\n            <\/strong><\/p>\n<h2 style=\"text-align: center;\"><strong>Resoluci\u00f3n\u00a0de\u00a0C\u00e1mara de Amparo<\/strong><\/h2>\n<p><strong><div style=\"display:block\">\n<!-- FlowPaper PDF flipbook plugin v.2.0.7 wordpress.org\/plugins\/flowpaper\/ -->\n<iframe title=\"FlowPaper flipbook pdf viewer\" width=\"100%\" height=\"500\" scrolling=\"no\" class=\"flowpaper-class\" frameborder=\"0\" allowFullScreen=\"true\" lightbox=\"false\" cover id src = \"https:\/\/flowpaper.com\/flipbook\/?pdf=http:\/\/supportthebitkovs.com\/wp-content\/uploads\/2015\/10\/4.-Supreme-Courts-decition-9-06-2015-9-40.pdf&title=&header=&theme=&singlepage=&thumbs=1&modified=1906021154\" seamless=\"seamless\" style=\"margin-bottom:0;display:block;\" loading=\"lazy\">Your browser does not seem to support iframes. <a href=\"https:\/\/flowpaper.com\/flipbook\/?pdf=http:\/\/supportthebitkovs.com\/wp-content\/uploads\/2015\/10\/4.-Supreme-Courts-decition-9-06-2015-9-40.pdf\" target=\"_blank\">Click here to read this PDF<\/a>.<\/iframe>\n<div id=\"flowpaper-logo-bottom\" class=\"flowpaper-logo-bg\" style=\"background:linear-gradient(to right, rgba(0,0,0,0.65) 0%,rgba(0,0,0,0) 200px);width:100%;height:19px; padding-bottom: 1px; padding-left: 5px; padding-right: 10px; display: flex; align-items: center;z-index:9999\"><span style=\"height: 37px; padding-left: 6px;width:90%\"> <a id=\"flowpaper-link\" style=\"fill: #fff\" alt=\"FlowPaper logotype\" title=\"FlowPaper logotype\" href=\"https:\/\/flowpaper.com\" target=\"_blank\"> <img decoding=\"async\" alt=\"Publish PDF flipbooks online\" style=\"height:17px;width:auto;margin-top:11px;\" src=\"https:\/\/supportthebitkovs.com\/wp-content\/plugins\/flowpaper-lite-pdf-flipbook\/assets\/flowpaper-logo.png\" border=\"0\" loading=\"lazy\"> <\/a> <\/span><span style=\" float: right; right: 0; font-size: 10px; white-space: nowrap; opacity:0.8\"><a href=\"https:\/\/flowpaper.com\/flipbook-maker\/\" target=\"_new\" style=\"text-decoration:none;border-bottom:none;\">Created using FlowPaper Flipbook Maker &#8599;<\/a><\/span><\/div><\/div>\r\n                <script>\r\n                document.addEventListener(\"DOMContentLoaded\", function(){\r\n                    var target_element, iframe_element;\r\n                    iframe_element = document.querySelector(\"iframe.flowpaper-class\");\r\n                    target_element = document.querySelector(\"\");\r\n                    iframe_element.style.height = target_element.offsetHeight + \"px\";\r\n                });\r\n                <\/script>\r\n            <\/strong><\/p>\n<h2 style=\"text-align: center;\"><\/h2>\n<p>&nbsp;","protected":false},"excerpt":{"rendered":"<p>\u0418\u0437\u0432\u0438\u043d\u0438\u0442\u0435, \u0434\u0430\u043d\u043d\u0430\u044f \u0441\u0442\u0440\u0430\u043d\u0438\u0446\u0430 \u0434\u043e\u0441\u0442\u0443\u043f\u043d\u0430 \u0442\u043e\u043b\u044c\u043a\u043e \u043d\u0430 Espa\u00f1ol \u0438 English. For the sake of viewer convenience, the content is shown below in this site default language. You may click one of the links to switch the site language to another available language.Vladimir,\u00a0un bot\u00edn pol\u00edtico con tan\u00a0solo tres a\u00f1os de edad.\u00a0 Vladimir es el miembro m\u00e1s peque\u00f1o [&hellip;]<\/p>\n","protected":false},"author":2,"featured_media":0,"parent":0,"menu_order":11,"comment_status":"closed","ping_status":"closed","template":"","meta":{"footnotes":""},"class_list":["post-344","page","type-page","status-publish"],"_links":{"self":[{"href":"https:\/\/supportthebitkovs.com\/ru\/wp-json\/wp\/v2\/pages\/344","targetHints":{"allow":["GET"]}}],"collection":[{"href":"https:\/\/supportthebitkovs.com\/ru\/wp-json\/wp\/v2\/pages"}],"about":[{"href":"https:\/\/supportthebitkovs.com\/ru\/wp-json\/wp\/v2\/types\/page"}],"author":[{"embeddable":true,"href":"https:\/\/supportthebitkovs.com\/ru\/wp-json\/wp\/v2\/users\/2"}],"replies":[{"embeddable":true,"href":"https:\/\/supportthebitkovs.com\/ru\/wp-json\/wp\/v2\/comments?post=344"}],"version-history":[{"count":0,"href":"https:\/\/supportthebitkovs.com\/ru\/wp-json\/wp\/v2\/pages\/344\/revisions"}],"wp:attachment":[{"href":"https:\/\/supportthebitkovs.com\/ru\/wp-json\/wp\/v2\/media?parent=344"}],"curies":[{"name":"wp","href":"https:\/\/api.w.org\/{rel}","templated":true}]}}