{"id":94,"date":"2015-10-25T23:49:20","date_gmt":"2015-10-26T05:49:20","guid":{"rendered":"http:\/\/supportthebitkovs.com\/?page_id=94"},"modified":"2019-06-02T23:54:12","modified_gmt":"2019-06-03T05:54:12","slug":"conozca-a-la-familia-bitkovs","status":"publish","type":"page","link":"https:\/\/supportthebitkovs.com\/ru\/conozca-a-la-familia-bitkovs\/","title":{"rendered":"(Espa\u00f1ol) Conozca a la Familia Bitkovs"},"content":{"rendered":"<p class=\"qtranxs-available-languages-message qtranxs-available-languages-message-ru\">\u0418\u0437\u0432\u0438\u043d\u0438\u0442\u0435, \u0434\u0430\u043d\u043d\u0430\u044f \u0441\u0442\u0440\u0430\u043d\u0438\u0446\u0430 \u0434\u043e\u0441\u0442\u0443\u043f\u043d\u0430 \u0442\u043e\u043b\u044c\u043a\u043e \u043d\u0430 <a href=\"https:\/\/supportthebitkovs.com\/es\/wp-json\/wp\/v2\/pages\/94\" class=\"qtranxs-available-language-link qtranxs-available-language-link-es\" title=\"Espa\u00f1ol\">Espa\u00f1ol<\/a> \u0438 <a href=\"https:\/\/supportthebitkovs.com\/en\/wp-json\/wp\/v2\/pages\/94\" class=\"qtranxs-available-language-link qtranxs-available-language-link-en\" title=\"English\">English<\/a>. For the sake of viewer convenience, the content is shown below in this site default language. You may click one of the links to switch the site language to another available language.<\/p><h1 style=\"text-align: center;\"><span style=\"text-decoration: underline;\"><strong>LA FAMILIA BITKOVS<\/strong><\/span><\/h1>\n<figure id=\"attachment_95\" aria-describedby=\"caption-attachment-95\" style=\"width: 200px\" class=\"wp-caption alignleft\"><img loading=\"lazy\" decoding=\"async\" class=\"wp-image-95 size-full\" src=\"http:\/\/supportthebitkovs.com\/wp-content\/uploads\/2015\/10\/Foto-Igor-Bitkova.jpg\" alt=\"Foto Igor Bitkov\" width=\"200\" height=\"262\" \/><figcaption id=\"caption-attachment-95\" class=\"wp-caption-text\"><a href=\"http:\/\/supportthebitkovs.com\/wp-content\/uploads\/2015\/11\/CV-Igor-Website1.pdf\">Clic aqu\u00ec para descargar Curr\u00ecculum V\u00ectae<\/a><\/figcaption><\/figure>\n<h2><span style=\"color: #000080;\"><strong>IGOR BITKOV<br \/>\n<\/strong><\/span><\/h2>\n<p><strong>BA degree in Forest Engineering<br \/>\n<\/strong><span style=\"color: #808080;\"><strong>(University of Arkhangelsk, Russia)<\/strong><\/span><\/p>\n<p><strong>Masters degree in Business Administration<br \/>\n<\/strong><span style=\"color: #999999;\"><strong>(Open Business School, United Kingdom)<\/strong><\/span><\/p>\n<p style=\"text-align: justify;\"><strong> Pionero en la Implementaci\u00f3n de la Tecnolog\u00eda de Punta en la industria forestal.<br \/>\n<\/strong><\/p>\n<p style=\"text-align: justify;\">En 1993 inicio su empresa llamada <strong>&#171;Les-Market<\/strong>&#187; en la provincia de Novodvins de la region de Arjangelsk junto con su esposa Irina Bitkova, en los tiempos de caida de la Uni\u00f3n Sovietica de Perestroika, esta primera empresa se dedicaba a la comercializaci\u00f3n de productos forestales.<\/p>\n<p style=\"text-align: justify;\">En 1996 en la Region de Leningrado compramos la fabrica llamada <strong>&#171;KFOB&#187;<\/strong> la cual estaba en banca rota, con el objeto de levantar la industria de pulpa de papel\u00a0 e intentar trabajar en el campo industrial.<\/p>\n<p style=\"text-align: justify;\">En 1997 nos trasladamos a San Petersburgo donde la empresa <strong>&#171;Les-Market&#187;<\/strong> la renombrariamos al nombre de nuestra primera industria llamada <strong>&#171;North-West Timber Company&#187;<\/strong> (Maderas del Noroeste) de donde fui director y fundador.<\/p>\n<p style=\"text-align: justify;\">Cabe destacar que durante los a\u00f1os posteriores nos dedicamos a la compra y venta de empresas las cuales estaban en banca rota con el objeto de levantarlas y as\u00ed abrir nuevos mercados.<\/p>\n<p style=\"text-align: justify;\">En 1999 en la regi\u00f3n de Kalliningrado efectuamos una de las mayores inversiones comprando la fabrica de pulpa y papel llamada <strong>&#171;NCBK&#187; <\/strong>la cual tambien estaba en banca rota ya que teniamos la experiencia de a\u00f1os anteriores de levantar las empresas en banca rota y convertirlas en empresas modernas rentables y exitosas.<\/p>\n<p style=\"text-align: justify;\">Igor Bitkova estuvo al frente de la supervisi\u00f3n y renovaci\u00f3n y modernizaci\u00f3n exitosa de tres empresas relacionadas con la industria del papel, las cuales fueron apegadas a los m\u00e1s altos est\u00e1ndares t\u00e9cnicos, los cuales le permitieron competir en el mercado Europeo y Post Sovietico ya que se respetaban altamente los est\u00e1ndares mundiales para la protecci\u00f3n del medio ambiente.<\/p>\n<p style=\"text-align: justify;\">Igor estuvo al frente de la\u00a0 compa\u00f1\u00eda la cual brindaba m\u00e1s m\u00e1s de 3,500 empleos directos, respetando la pol\u00edtica de sueldos altamente remunerados, prestaciones sociales superiores, planes para el retiro, cl\u00ednicas m\u00e9dicas privadas para sus colaboradores las cuales contaban con pediatr\u00eda, medicina general y ginecolog\u00eda entre otras en otras palabras <strong>&#171;Responsabilidad Social&#187;<\/strong><\/p>\n<p style=\"text-align: justify;\">Es as\u00ed como en el a\u00f1o 2007 Igor Bitkov obtiene el Reconocimeinto Internacional de<em><strong> DIRECTOR DEL A\u00d1O EN LA INDUSTRIA DE LA PULPA Y PAPEL.<\/strong> <\/em><\/p>\n<p style=\"text-align: justify;\">Al mudarse para Guatemala, incursiono en el mundo de la producci\u00f3n televisiva logrando producir un Reality Show.<\/p>\n<p style=\"text-align: justify;\">El proyecto del Reality Show en Guatemala\u00a0 fue aprovado por el INGUAT, formando un equipo de trabajo de alrededor de 26 guatemaltecos los cuales fueron contratados para llevarlo a cabo.<\/p>\n<figure id=\"attachment_96\" aria-describedby=\"caption-attachment-96\" style=\"width: 192px\" class=\"wp-caption alignleft\"><img loading=\"lazy\" decoding=\"async\" class=\"wp-image-96 size-full\" src=\"http:\/\/supportthebitkovs.com\/wp-content\/uploads\/2015\/10\/Foto-Irina-Bitkova.png\" alt=\"Foto Irina Bitkova\" width=\"192\" height=\"271\" \/><figcaption id=\"caption-attachment-96\" class=\"wp-caption-text\"><a href=\"http:\/\/supportthebitkovs.com\/wp-content\/uploads\/2015\/11\/CV-Irina-Website1.pdf\">Clic aqu\u00ec para descargar Curr\u00ecculum V\u00ectae<\/a><\/figcaption><\/figure>\n<h2 style=\"text-align: justify;\"><span style=\"color: #000080;\"><strong>IRINA BITKOVA<\/strong><\/span><\/h2>\n<p style=\"text-align: justify;\"><strong>BA in Finance and Accounting<\/strong><\/p>\n<p style=\"text-align: justify;\"><strong>Masters Degree in Business Administration<br \/>\n<\/strong><span style=\"color: #808080;\"><strong>(Open Business School, United Kingdom)<br \/>\n<\/strong><\/span><\/p>\n<p style=\"text-align: justify;\"><strong>Industrial Lobbying<br \/>\n<\/strong><\/p>\n<p><strong>Environmental Lobbying<\/strong><\/p>\n<p><strong>International Lobby<\/strong><\/p>\n<p><em>Productora Cinematogr\u00e1fica<\/em><\/p>\n<p style=\"text-align: justify;\">En 1993 inicio su empresa llamada <strong>&#171;Les-Market<\/strong>&#187; en la provincia de Novodvins de la region de Arjangelsk junto con su esposo Igor Bitkov, en los tiempos de caida de la Uni\u00f3n Sovietica de Perestroika, esta primera empresa se dedicaba a la comercializaci\u00f3n de productos forestales.<\/p>\n<p style=\"text-align: justify;\">En 1996 en la Region de Leningrado compramos la fabrica llamada <strong>&#171;KFOB&#187;<\/strong> la cual estaba en banca rota, con el objeto de levantar la industria de pulpa de papel\u00a0 e intentar trabajar en el campo industrial.<\/p>\n<p style=\"text-align: justify;\">En 1997 nos trasladamos a San Petersburgo donde la empresa <strong>&#171;Les-Market&#187;<\/strong> la renombrariamos al nombre de nuestra primera industria llamada <strong>&#171;North-West Timber Company&#187;<\/strong> (Maderas del Noroeste) de donde fui director y fundador.<\/p>\n<p style=\"text-align: justify;\">Cabe destacar que durante los a\u00f1os posteriores nos dedicamos a la compra y venta de empresas las cuales estaban en banca rota con el objeto de levantarlas y as\u00ed abrir nuevos mercados.<\/p>\n<p style=\"text-align: justify;\">En 1999 en la regi\u00f3n de Kalliningrado efectuamos una de las mayores inversiones comprando la fabrica de pulpa y papel llamada <strong>&#171;NCBK&#187; <\/strong>la cual tambien estaba en banca rota ya que teniamos la experiencia de a\u00f1os anteriores de levantar las empresas en banca rota y convertirlas en empresas modernas rentables y exitosas.<\/p>\n<p style=\"text-align: justify;\">Irina e\u00a0 Igor Bitkov estuvieron al frente de la supervisi\u00f3n y renovaci\u00f3n y modernizaci\u00f3n exitosa de tres empresas relacionadas con la industria del papel, las cuales fueron apegadas a los m\u00e1s altos est\u00e1ndares t\u00e9cnicos, los cuales le permitieron competir en el mercado Europeo y Post Sovietico ya que se respetaban altamente los est\u00e1ndares mundiales para la protecci\u00f3n del medio ambiente.<\/p>\n<p style=\"text-align: justify;\">Irina e\u00a0 Igor Bitkov estuvo al frente de la\u00a0 compa\u00f1\u00eda la cual brindaba m\u00e1s m\u00e1s de 3,500 empleos directos, respetando la pol\u00edtica de sueldos altamente remunerados, prestaciones sociales superiores, planes para el retiro, cl\u00ednicas m\u00e9dicas privadas para sus colaboradores las cuales contaban con pediatr\u00eda, medicina general y ginecolog\u00eda entre otras en otras palabras <strong>&#171;Responsabilidad Social&#187;<\/strong><\/p>\n<p>Fue Presidenta\u00a0 de la\u00a0 Junta de Directores de la Compa\u00f1\u00eda North-West Timber Company\u00a0(Maderas del Noroeste) as\u00ed como socia fundadora hasta 2008.<\/p>\n<p>Dentro de su gesti\u00f3n fue responsable de acreditaciones y certificaciones nacionales e internacionales para la compa\u00f1\u00eda.<\/p>\n<p>Implemento\u00a0 tecnolog\u00eda de punta\u00a0 dentro de la compa\u00f1ia las cuales como requisito indispensable debian de superar los estandares nacionales e internacionales en el cuidado y respeto de la naturaleza y el medio ambiente.<\/p>\n<p>Irina Bitkova era responsables\u00a0 de\u00a0 las relaciones p\u00fablicas de la compa\u00f1ia con el gobierno Ruso, as\u00ed como de mantener relaciones comerciales entre los paises de:\u00a0 Bielorrusia, Canad\u00e1, Alemania, Finlandia y Lituania.<\/p>\n<p>Fue responsable de la certificaci\u00f3n y acreditacion nacional e internacional de las f\u00e1bricas de la compa\u00f1\u00eda.<\/p>\n<p>En Guatemala junto a su Esposo Igor apoyo activamente en la producci\u00f3n de un Reality Show.<\/p>\n<p>El proyecto del Reality Show en Guatemala\u00a0 fue aprovado por el INGUAT, formando un equipo de trabajo de alrededor de 26 guatemaltecos los cuales fueron contratados para llevarlo a cabo.<\/p>\n<figure id=\"attachment_97\" aria-describedby=\"caption-attachment-97\" style=\"width: 169px\" class=\"wp-caption alignleft\"><a href=\"http:\/\/supportthebitkovs.com\/wp-content\/uploads\/2015\/10\/foto-anastasia-bitkova.jpg\"><img loading=\"lazy\" decoding=\"async\" class=\"wp-image-97 size-medium\" src=\"http:\/\/supportthebitkovs.com\/wp-content\/uploads\/2015\/10\/foto-anastasia-bitkova-169x300.jpg\" alt=\"foto anastasia bitkova\" width=\"169\" height=\"300\" srcset=\"https:\/\/supportthebitkovs.com\/wp-content\/uploads\/2015\/10\/foto-anastasia-bitkova-169x300.jpg 169w, https:\/\/supportthebitkovs.com\/wp-content\/uploads\/2015\/10\/foto-anastasia-bitkova.jpg 540w\" sizes=\"auto, (max-width: 169px) 100vw, 169px\" \/><\/a><figcaption id=\"caption-attachment-97\" class=\"wp-caption-text\"><a href=\"http:\/\/supportthebitkovs.com\/wp-content\/uploads\/2015\/11\/CV-Anastasia-Website.pdf\" target=\"_blank\" rel=\"noopener noreferrer\">Clic aqu\u00ec para descargar Curr\u00ecculum V\u00ectae<\/a><\/figcaption><\/figure>\n<h2 style=\"text-align: justify;\"><span style=\"color: #000080;\"><strong>ANASTASIA BITKOVA<\/strong><\/span><\/h2>\n<p><strong>Degree in Marketing and Public Relations<br \/>\n<span style=\"color: #808080;\">(London School of International Business Studies, United Kingdom)\u00a0<\/span><\/strong><\/p>\n<p><strong>Diploma in Law and Politics<br \/>\n<\/strong><span style=\"color: #808080;\"><strong>(Bellerby&#8217;s College, London, United Kingdom)<\/strong><\/span><\/p>\n<p><strong>Diploma in Screen Acting<br \/>\n<span style=\"color: #808080;\">(London Academy of Acting, UK)<\/span><\/strong><\/p>\n<p><strong>Gold Medal for the highest achievements<br \/>\n<\/strong><span style=\"color: #808080;\"><strong>(Gimnasia 406, St. Petersburg, Russia)<\/strong><\/span><\/p>\n<p style=\"text-align: justify;\"><strong><br \/>\n<\/strong><\/p>\n<p>Anastasia Bitkova ha tenido una exitosa carrera como modelo, actriz y mercadologa , siendo imagen de moda, joyas, marcas de cosm\u00e9ticos entre otros.<\/p>\n<p style=\"text-align: justify;\">Es la\u00a0 protagonista principal del Reality Show &#171;New World de Anastasia&#187; el cual fue concebido como\u00a0 una fuente potencial para atraer turistas al pa\u00eds de la eterna primavera Guatemala.<\/p>\n<p style=\"text-align: justify;\">Dicho Reality Show cuenta con 12 episodios cada uno de 30 minutos los cuales est\u00e1n listos para estrenarse en la televisi\u00f3n nacional e internacional.<\/p>\n<p style=\"text-align: justify;\">Para el rodaje del Reality Show, se cont\u00f3 con el apoyo de las autoridades de Guatemala debido a que su fin principal es atraer el turismo para Guatemala, mostrando la belleza natural, gastronom\u00eda, cultura, sociedad, etc.<\/p>\n<p style=\"text-align: justify;\"><div id=\"su_carousel_69e97c796d15f\" class=\"su-carousel su-carousel-centered su-carousel-pages-no su-carousel-responsive-yes su-lightbox-gallery\" style=\"width:100%\" data-autoplay=\"3000\" data-speed=\"600\" data-mousewheel=\"true\" data-items=\"2\" data-scroll=\"1\"><div class=\"su-carousel-slides\"><div class=\"su-carousel-slide\"><a href=\"https:\/\/supportthebitkovs.com\/wp-content\/uploads\/2015\/10\/IMG_3715.png\" title=\"IMG_3715\"><img decoding=\"async\" src=\"https:\/\/supportthebitkovs.com\/wp-content\/uploads\/2015\/10\/IMG_3715-432x300.png\" alt=\"IMG_3715\" loading=\"lazy\" \/><\/a><\/div><div class=\"su-carousel-slide\"><a href=\"https:\/\/supportthebitkovs.com\/wp-content\/uploads\/2015\/10\/IMG_3714.png\" title=\"IMG_3714\"><img decoding=\"async\" src=\"https:\/\/supportthebitkovs.com\/wp-content\/uploads\/2015\/10\/IMG_3714-432x300.png\" alt=\"IMG_3714\" loading=\"lazy\" \/><\/a><\/div><div class=\"su-carousel-slide\"><a href=\"https:\/\/supportthebitkovs.com\/wp-content\/uploads\/2015\/10\/IMG_37131.png\" title=\"IMG_3713\"><img decoding=\"async\" src=\"https:\/\/supportthebitkovs.com\/wp-content\/uploads\/2015\/10\/IMG_37131-432x300.png\" alt=\"IMG_3713\" loading=\"lazy\" \/><\/a><\/div><div class=\"su-carousel-slide\"><a href=\"https:\/\/supportthebitkovs.com\/wp-content\/uploads\/2015\/10\/IMG_3711.full_.jpg\" title=\"IMG_3711.full\"><img decoding=\"async\" src=\"https:\/\/supportthebitkovs.com\/wp-content\/uploads\/2015\/10\/IMG_3711.full_-432x300.jpg\" alt=\"IMG_3711.full\" loading=\"lazy\" \/><\/a><\/div><div class=\"su-carousel-slide\"><a href=\"https:\/\/supportthebitkovs.com\/wp-content\/uploads\/2015\/10\/IMG_3709.png\" title=\"IMG_3709\"><img decoding=\"async\" src=\"https:\/\/supportthebitkovs.com\/wp-content\/uploads\/2015\/10\/IMG_3709-432x300.png\" alt=\"IMG_3709\" loading=\"lazy\" \/><\/a><\/div><\/div><div class=\"su-carousel-nav\"><div class=\"su-carousel-direction\"><span class=\"su-carousel-prev\"><\/span><span class=\"su-carousel-next\"><\/span><\/div><div class=\"su-carousel-pagination\"><\/div><\/div><\/div>\n<p style=\"text-align: justify;\">El proyecto fue aprovado por el INGUAT, formando un equipo de trabajo de alrededor de 26 guatemaltecos los cuales fueron contratados para llevar a cabo el proyecto.<\/p>\n<h2 style=\"text-align: justify;\"><span style=\"color: #000080;\"><strong><a href=\"http:\/\/supportthebitkovs.com\/wp-content\/uploads\/2015\/10\/vladimir-bitkova.jpg\"><img loading=\"lazy\" decoding=\"async\" class=\" wp-image-98 alignleft\" src=\"http:\/\/supportthebitkovs.com\/wp-content\/uploads\/2015\/10\/vladimir-bitkova.jpg\" alt=\"vladimir bitkova\" width=\"235\" height=\"225\" \/><\/a>VLADIMIR BITKOV<\/strong><\/span><\/h2>\n<p style=\"text-align: justify;\">Vladimir es el miembro m\u00e1s peque\u00f1o de nuestra familia, nacido en Rep\u00fablica de Guatemala, consecuentemente es guatemalteco de origen.<\/p>\n<p style=\"text-align: justify;\">Vladimir es activo, inteligente, atento, le gusta los carros y deportes,le\u00a0 apasionan los trenes, aprender cosas nuevas, habla espa\u00f1ol y entiende ruso e ingles.<\/p>\n<p style=\"text-align: justify;\"><strong><a href=\"http:\/\/supportthebitkovs.com\/botin-politico\/\">Conozca como Rusia pretende utilizar a nuestro\u00a0\u00a0hijo Vladimir como un BOT\u00cdN POL\u00cdTICO haciendo clic aqu\u00ed<\/a><\/strong><\/p>\n<p style=\"text-align: justify;\">","protected":false},"excerpt":{"rendered":"<p>\u0418\u0437\u0432\u0438\u043d\u0438\u0442\u0435, \u0434\u0430\u043d\u043d\u0430\u044f \u0441\u0442\u0440\u0430\u043d\u0438\u0446\u0430 \u0434\u043e\u0441\u0442\u0443\u043f\u043d\u0430 \u0442\u043e\u043b\u044c\u043a\u043e \u043d\u0430 Espa\u00f1ol \u0438 English. For the sake of viewer convenience, the content is shown below in this site default language. You may click one of the links to switch the site language to another available language.LA FAMILIA BITKOVS IGOR BITKOV BA degree in Forest Engineering (University of Arkhangelsk, Russia) Masters [&hellip;]<\/p>\n","protected":false},"author":2,"featured_media":0,"parent":0,"menu_order":12,"comment_status":"closed","ping_status":"closed","template":"","meta":{"footnotes":""},"class_list":["post-94","page","type-page","status-publish"],"_links":{"self":[{"href":"https:\/\/supportthebitkovs.com\/ru\/wp-json\/wp\/v2\/pages\/94","targetHints":{"allow":["GET"]}}],"collection":[{"href":"https:\/\/supportthebitkovs.com\/ru\/wp-json\/wp\/v2\/pages"}],"about":[{"href":"https:\/\/supportthebitkovs.com\/ru\/wp-json\/wp\/v2\/types\/page"}],"author":[{"embeddable":true,"href":"https:\/\/supportthebitkovs.com\/ru\/wp-json\/wp\/v2\/users\/2"}],"replies":[{"embeddable":true,"href":"https:\/\/supportthebitkovs.com\/ru\/wp-json\/wp\/v2\/comments?post=94"}],"version-history":[{"count":0,"href":"https:\/\/supportthebitkovs.com\/ru\/wp-json\/wp\/v2\/pages\/94\/revisions"}],"wp:attachment":[{"href":"https:\/\/supportthebitkovs.com\/ru\/wp-json\/wp\/v2\/media?parent=94"}],"curies":[{"name":"wp","href":"https:\/\/api.w.org\/{rel}","templated":true}]}}